{"id":1047,"date":"2024-11-28T17:00:49","date_gmt":"2024-11-28T17:00:49","guid":{"rendered":"https:\/\/realdigitalreach.de\/?page_id=1047"},"modified":"2025-03-15T12:16:04","modified_gmt":"2025-03-15T12:16:04","slug":"impressum","status":"publish","type":"page","link":"https:\/\/realdigitalreach.de\/en\/impressum\/","title":{"rendered":"Imprint"},"content":{"rendered":"<p>Angaben gem\u00e4\u00df \u00a75 TMG:<\/p>\n\n\n\n<p>Real Digital Reach&nbsp;<\/p>\n\n\n\n<p>Inhaber: Benedikt Neuberger<\/p>\n\n\n\n<p>Bertha-von-Suttner-Str, 3<\/p>\n\n\n\n<p>94060 Pocking<\/p>\n\n\n\n<p>Deutschland<\/p>\n\n\n\n<p>Kontakt:<\/p>\n\n\n\n<p>E-Mail: info@realdigitalreach.de<\/p>\n\n\n\n<p>Vertreten durch:<\/p>\n\n\n\n<p>Benedikt Neuberger<\/p>\n\n\n\n<p>Verantwortlich f\u00fcr den Inhalt nach \u00a755 Abs. 2 RStV:<\/p>\n\n\n\n<p>Benedikt Neuberger<\/p>\n\n\n\n<p>Bertha-von-Suttner-Str. 3<\/p>\n\n\n\n<p>94060 Pocking<\/p>\n\n\n\n<p>Deutschland<\/p>\n\n\n\n<p><strong>Umsatzsteuer-ID:<\/strong><\/p>\n\n\n\n<p>Umsatzsteuer-Identifikationsnummer gem\u00e4\u00df \u00a7 27 a Umsatzsteuergesetz: DE367979584<\/p>\n\n\n\n<p><strong>Haftungsausschluss:<\/strong><\/p>\n\n\n\n<p><strong>Haftung f\u00fcr Inhalte:<\/strong><br>Als Diensteanbieter sind wir gem\u00e4\u00df \u00a7 7 Abs.1 TMG f\u00fcr eigene Inhalte auf diesen Seiten nach den allgemeinen Gesetzen verantwortlich. Nach \u00a7\u00a7 8 bis 10 TMG sind wir als Diensteanbieter jedoch nicht verpflichtet, \u00fcbermittelte oder gespeicherte fremde Informationen zu \u00fcberwachen oder nach Umst\u00e4nden zu forschen, die auf eine rechtswidrige T\u00e4tigkeit hinweisen.<\/p>\n\n\n\n<p>Verpflichtungen zur Entfernung oder Sperrung der Nutzung von Informationen nach den allgemeinen Gesetzen bleiben hiervon unber\u00fchrt. Eine diesbez\u00fcgliche Haftung ist jedoch erst ab dem Zeitpunkt der Kenntnis einer konkreten Rechtsverletzung m\u00f6glich. Bei Bekanntwerden von entsprechenden Rechtsverletzungen werden wir diese Inhalte umgehend entfernen.<\/p>\n\n\n\n<p><strong>Haftung f\u00fcr Links:<\/strong><br>Unser Angebot enth\u00e4lt Links zu externen Websites Dritter, auf deren Inhalte wir keinen Einfluss haben. Deshalb k\u00f6nnen wir f\u00fcr diese fremden Inhalte auch keine Gew\u00e4hr \u00fcbernehmen. F\u00fcr die Inhalte der verlinkten Seiten ist stets der jeweilige Anbieter oder Betreiber der Seiten verantwortlich. Die verlinkten Seiten wurden zum Zeitpunkt der Verlinkung auf m\u00f6gliche Rechtsverst\u00f6\u00dfe \u00fcberpr\u00fcft. Rechtswidrige Inhalte waren zum Zeitpunkt der Verlinkung nicht erkennbar.<\/p>\n\n\n\n<p>Eine permanente inhaltliche Kontrolle der verlinkten Seiten ist jedoch ohne konkrete Anhaltspunkte einer Rechtsverletzung nicht zumutbar. Bei Bekanntwerden von Rechtsverletzungen werden wir derartige Links umgehend entfernen.<\/p>","protected":false},"excerpt":{"rendered":"<p>Angaben gem\u00e4\u00df \u00a75 TMG: Real Digital Reach&nbsp; Inhaber: Benedikt Neuberger Bertha-von-Suttner-Str, 3 94060 Pocking Deutschland Kontakt: E-Mail: info@realdigitalreach.de Vertreten durch: Benedikt Neuberger Verantwortlich f\u00fcr den Inhalt nach \u00a755 Abs. 2 RStV: Benedikt Neuberger Bertha-von-Suttner-Str. 3 94060 Pocking Deutschland Umsatzsteuer-ID: Umsatzsteuer-Identifikationsnummer gem\u00e4\u00df \u00a7 27 a Umsatzsteuergesetz: DE367979584 Haftungsausschluss: Haftung f\u00fcr Inhalte:Als Diensteanbieter sind wir gem\u00e4\u00df \u00a7 [&hellip;]<\/p>\n","protected":false},"author":1,"featured_media":0,"parent":0,"menu_order":0,"comment_status":"closed","ping_status":"closed","template":"","meta":{"_monsterinsights_skip_tracking":false,"_monsterinsights_sitenote_active":false,"_monsterinsights_sitenote_note":"","_monsterinsights_sitenote_category":0,"footnotes":""},"class_list":["post-1047","page","type-page","status-publish","hentry"],"blocksy_meta":{"has_hero_section":"enabled","styles_descriptor":{"styles":{"desktop":"[data-prefix=\"single_page\"] .entry-header .page-title {--theme-font-size:30px;} [data-prefix=\"single_page\"] .entry-header .entry-meta {--theme-font-weight:600;--theme-text-transform:uppercase;--theme-font-size:12px;--theme-line-height:1.3;} [data-prefix=\"single_page\"] .hero-section[data-type=\"type-2\"] {background-color:var(--theme-palette-color-6);background-image:none;--container-padding:50px 0px;}","tablet":"","mobile":""},"google_fonts":[],"version":6},"hero_elements":[{"id":"custom_title","enabled":true,"heading_tag":"h1","title":"Home page","__id":"SCzdkAbnVJQfSLqj7ATZT"},{"id":"custom_description","enabled":true,"description_visibility":{"desktop":true,"tablet":true,"mobile":false},"__id":"2q_2lSub_OHQy30ZgFYaq"},{"id":"custom_meta","enabled":false,"meta_elements":[{"id":"author","enabled":true,"label":"Von","has_author_avatar":"yes","avatar_size":25},{"id":"post_date","enabled":true,"label":"Am","date_format_source":"default","date_format":"M j, Y"},{"id":"updated_date","enabled":false,"label":"Am","date_format_source":"default","date_format":"M j, Y"},{"id":"categories","enabled":false,"label":"In","style":"simple"},{"id":"comments","enabled":true}],"page_meta_elements":{"joined":true,"articles_count":true,"comments":true},"__id":"tfZnMvKRH9pX3Rn-7OeIK"},{"id":"breadcrumbs","enabled":false,"__id":"sRRZ-JTUvnJNHdxMqzCro"}],"hero_section":"type-2"},"yoast_head":"<!-- This site is optimized with the Yoast SEO plugin v27.2 - https:\/\/yoast.com\/product\/yoast-seo-wordpress\/ -->\n<title>Impressum - Real Digital Reach<\/title>\n<meta name=\"robots\" content=\"index, follow, max-snippet:-1, max-image-preview:large, max-video-preview:-1\" \/>\n<link rel=\"canonical\" href=\"https:\/\/realdigitalreach.de\/en\/impressum\/\" \/>\n<meta property=\"og:locale\" content=\"en_GB\" \/>\n<meta property=\"og:type\" content=\"article\" \/>\n<meta property=\"og:title\" content=\"Impressum - Real Digital Reach\" \/>\n<meta property=\"og:description\" content=\"Angaben gem\u00e4\u00df \u00a75 TMG: Real Digital Reach&nbsp; Inhaber: Benedikt Neuberger Bertha-von-Suttner-Str, 3 94060 Pocking Deutschland Kontakt: E-Mail: info@realdigitalreach.de Vertreten durch: Benedikt Neuberger Verantwortlich f\u00fcr den Inhalt nach \u00a755 Abs. 2 RStV: Benedikt Neuberger Bertha-von-Suttner-Str. 3 94060 Pocking Deutschland Umsatzsteuer-ID: Umsatzsteuer-Identifikationsnummer gem\u00e4\u00df \u00a7 27 a Umsatzsteuergesetz: DE367979584 Haftungsausschluss: Haftung f\u00fcr Inhalte:Als Diensteanbieter sind wir gem\u00e4\u00df \u00a7 [&hellip;]\" \/>\n<meta property=\"og:url\" content=\"https:\/\/realdigitalreach.de\/en\/impressum\/\" \/>\n<meta property=\"og:site_name\" content=\"Real Digital Reach\" \/>\n<meta property=\"article:modified_time\" content=\"2025-03-15T12:16:04+00:00\" \/>\n<meta property=\"og:image\" content=\"https:\/\/mlxtlbjwttef.i.optimole.com\/w:auto\/h:auto\/q:mauto\/f:best\/https:\/\/realdigitalreach.de\/wp-content\/uploads\/2024\/04\/Real-DIGITAL-REACH-3_out.png\" \/>\n\t<meta property=\"og:image:width\" content=\"2000\" \/>\n\t<meta property=\"og:image:height\" content=\"2000\" \/>\n\t<meta property=\"og:image:type\" content=\"image\/png\" \/>\n<meta name=\"twitter:card\" content=\"summary_large_image\" \/>\n<meta name=\"twitter:label1\" content=\"Estimated reading time\" \/>\n\t<meta name=\"twitter:data1\" content=\"1 minute\" \/>\n<script type=\"application\/ld+json\" class=\"yoast-schema-graph\">{\"@context\":\"https:\/\/schema.org\",\"@graph\":[{\"@type\":\"WebPage\",\"@id\":\"https:\/\/realdigitalreach.de\/impressum\/\",\"url\":\"https:\/\/realdigitalreach.de\/impressum\/\",\"name\":\"Impressum - Real Digital Reach\",\"isPartOf\":{\"@id\":\"https:\/\/realdigitalreach.de\/#website\"},\"datePublished\":\"2024-11-28T17:00:49+00:00\",\"dateModified\":\"2025-03-15T12:16:04+00:00\",\"breadcrumb\":{\"@id\":\"https:\/\/realdigitalreach.de\/impressum\/#breadcrumb\"},\"inLanguage\":\"en-GB\",\"potentialAction\":[{\"@type\":\"ReadAction\",\"target\":[\"https:\/\/realdigitalreach.de\/impressum\/\"]}]},{\"@type\":\"BreadcrumbList\",\"@id\":\"https:\/\/realdigitalreach.de\/impressum\/#breadcrumb\",\"itemListElement\":[{\"@type\":\"ListItem\",\"position\":1,\"name\":\"Startseite\",\"item\":\"https:\/\/realdigitalreach.de\/\"},{\"@type\":\"ListItem\",\"position\":2,\"name\":\"Impressum\"}]},{\"@type\":\"WebSite\",\"@id\":\"https:\/\/realdigitalreach.de\/#website\",\"url\":\"https:\/\/realdigitalreach.de\/\",\"name\":\"Real Digital Reach\",\"description\":\"\",\"publisher\":{\"@id\":\"https:\/\/realdigitalreach.de\/#organization\"},\"alternateName\":\"Digital reach\",\"potentialAction\":[{\"@type\":\"SearchAction\",\"target\":{\"@type\":\"EntryPoint\",\"urlTemplate\":\"https:\/\/realdigitalreach.de\/?s={search_term_string}\"},\"query-input\":{\"@type\":\"PropertyValueSpecification\",\"valueRequired\":true,\"valueName\":\"search_term_string\"}}],\"inLanguage\":\"en-GB\"},{\"@type\":\"Organization\",\"@id\":\"https:\/\/realdigitalreach.de\/#organization\",\"name\":\"Real Digital Reach\",\"url\":\"https:\/\/realdigitalreach.de\/\",\"logo\":{\"@type\":\"ImageObject\",\"inLanguage\":\"en-GB\",\"@id\":\"https:\/\/realdigitalreach.de\/#\/schema\/logo\/image\/\",\"url\":\"https:\/\/mlxtlbjwttef.i.optimole.com\/w:auto\/h:auto\/q:mauto\/f:best\/https:\/\/realdigitalreach.de\/wp-content\/uploads\/2024\/04\/cropped-Real-DIGITAL-REACH-3_out.png\",\"contentUrl\":\"https:\/\/mlxtlbjwttef.i.optimole.com\/w:auto\/h:auto\/q:mauto\/f:best\/https:\/\/realdigitalreach.de\/wp-content\/uploads\/2024\/04\/cropped-Real-DIGITAL-REACH-3_out.png\",\"width\":1997,\"height\":864,\"caption\":\"Real Digital Reach\"},\"image\":{\"@id\":\"https:\/\/realdigitalreach.de\/#\/schema\/logo\/image\/\"},\"sameAs\":[\"https:\/\/www.instagram.com\/realdigitalreach\"]}]}<\/script>\n<!-- \/ Yoast SEO plugin. -->","yoast_head_json":{"title":"Impressum - Real Digital Reach","robots":{"index":"index","follow":"follow","max-snippet":"max-snippet:-1","max-image-preview":"max-image-preview:large","max-video-preview":"max-video-preview:-1"},"canonical":"https:\/\/realdigitalreach.de\/en\/impressum\/","og_locale":"en_GB","og_type":"article","og_title":"Impressum - Real Digital Reach","og_description":"Angaben gem\u00e4\u00df \u00a75 TMG: Real Digital Reach&nbsp; Inhaber: Benedikt Neuberger Bertha-von-Suttner-Str, 3 94060 Pocking Deutschland Kontakt: E-Mail: info@realdigitalreach.de Vertreten durch: Benedikt Neuberger Verantwortlich f\u00fcr den Inhalt nach \u00a755 Abs. 2 RStV: Benedikt Neuberger Bertha-von-Suttner-Str. 3 94060 Pocking Deutschland Umsatzsteuer-ID: Umsatzsteuer-Identifikationsnummer gem\u00e4\u00df \u00a7 27 a Umsatzsteuergesetz: DE367979584 Haftungsausschluss: Haftung f\u00fcr Inhalte:Als Diensteanbieter sind wir gem\u00e4\u00df \u00a7 [&hellip;]","og_url":"https:\/\/realdigitalreach.de\/en\/impressum\/","og_site_name":"Real Digital Reach","article_modified_time":"2025-03-15T12:16:04+00:00","og_image":[{"width":2000,"height":2000,"url":"https:\/\/mlxtlbjwttef.i.optimole.com\/w:auto\/h:auto\/q:mauto\/f:best\/https:\/\/realdigitalreach.de\/wp-content\/uploads\/2024\/04\/Real-DIGITAL-REACH-3_out.png","type":"image\/png"}],"twitter_card":"summary_large_image","twitter_misc":{"Estimated reading time":"1 minute"},"schema":{"@context":"https:\/\/schema.org","@graph":[{"@type":"WebPage","@id":"https:\/\/realdigitalreach.de\/impressum\/","url":"https:\/\/realdigitalreach.de\/impressum\/","name":"Impressum - Real Digital Reach","isPartOf":{"@id":"https:\/\/realdigitalreach.de\/#website"},"datePublished":"2024-11-28T17:00:49+00:00","dateModified":"2025-03-15T12:16:04+00:00","breadcrumb":{"@id":"https:\/\/realdigitalreach.de\/impressum\/#breadcrumb"},"inLanguage":"en-GB","potentialAction":[{"@type":"ReadAction","target":["https:\/\/realdigitalreach.de\/impressum\/"]}]},{"@type":"BreadcrumbList","@id":"https:\/\/realdigitalreach.de\/impressum\/#breadcrumb","itemListElement":[{"@type":"ListItem","position":1,"name":"Startseite","item":"https:\/\/realdigitalreach.de\/"},{"@type":"ListItem","position":2,"name":"Impressum"}]},{"@type":"WebSite","@id":"https:\/\/realdigitalreach.de\/#website","url":"https:\/\/realdigitalreach.de\/","name":"Real Digital Reach","description":"","publisher":{"@id":"https:\/\/realdigitalreach.de\/#organization"},"alternateName":"Digital reach","potentialAction":[{"@type":"SearchAction","target":{"@type":"EntryPoint","urlTemplate":"https:\/\/realdigitalreach.de\/?s={search_term_string}"},"query-input":{"@type":"PropertyValueSpecification","valueRequired":true,"valueName":"search_term_string"}}],"inLanguage":"en-GB"},{"@type":"Organization","@id":"https:\/\/realdigitalreach.de\/#organization","name":"Real Digital Reach","url":"https:\/\/realdigitalreach.de\/","logo":{"@type":"ImageObject","inLanguage":"en-GB","@id":"https:\/\/realdigitalreach.de\/#\/schema\/logo\/image\/","url":"https:\/\/mlxtlbjwttef.i.optimole.com\/w:auto\/h:auto\/q:mauto\/f:best\/https:\/\/realdigitalreach.de\/wp-content\/uploads\/2024\/04\/cropped-Real-DIGITAL-REACH-3_out.png","contentUrl":"https:\/\/mlxtlbjwttef.i.optimole.com\/w:auto\/h:auto\/q:mauto\/f:best\/https:\/\/realdigitalreach.de\/wp-content\/uploads\/2024\/04\/cropped-Real-DIGITAL-REACH-3_out.png","width":1997,"height":864,"caption":"Real Digital Reach"},"image":{"@id":"https:\/\/realdigitalreach.de\/#\/schema\/logo\/image\/"},"sameAs":["https:\/\/www.instagram.com\/realdigitalreach"]}]}},"_links":{"self":[{"href":"https:\/\/realdigitalreach.de\/en\/wp-json\/wp\/v2\/pages\/1047","targetHints":{"allow":["GET"]}}],"collection":[{"href":"https:\/\/realdigitalreach.de\/en\/wp-json\/wp\/v2\/pages"}],"about":[{"href":"https:\/\/realdigitalreach.de\/en\/wp-json\/wp\/v2\/types\/page"}],"author":[{"embeddable":true,"href":"https:\/\/realdigitalreach.de\/en\/wp-json\/wp\/v2\/users\/1"}],"replies":[{"embeddable":true,"href":"https:\/\/realdigitalreach.de\/en\/wp-json\/wp\/v2\/comments?post=1047"}],"version-history":[{"count":3,"href":"https:\/\/realdigitalreach.de\/en\/wp-json\/wp\/v2\/pages\/1047\/revisions"}],"predecessor-version":[{"id":1052,"href":"https:\/\/realdigitalreach.de\/en\/wp-json\/wp\/v2\/pages\/1047\/revisions\/1052"}],"wp:attachment":[{"href":"https:\/\/realdigitalreach.de\/en\/wp-json\/wp\/v2\/media?parent=1047"}],"curies":[{"name":"wp","href":"https:\/\/api.w.org\/{rel}","templated":true}]}}